{"id":19,"date":"2023-04-15T10:52:50","date_gmt":"2023-04-15T10:52:50","guid":{"rendered":"https:\/\/jesuscampos.com\/blog\/?page_id=19"},"modified":"2023-09-20T20:47:40","modified_gmt":"2023-09-20T20:47:40","slug":"blog-de-nuevos-cuelgues","status":"publish","type":"page","link":"https:\/\/jesuscampos.com\/blog\/","title":{"rendered":"BLOG DE NUEVOS CUELGUES"},"content":{"rendered":"<p>[et_pb_section fb_built=\u00bb1&#8243; custom_padding_last_edited=\u00bboff|desktop\u00bb admin_label=\u00bbHeader\u00bb _builder_version=\u00bb4.20.2&#8243; background_color=\u00bb#f9f6f6&#8243; background_enable_image=\u00bboff\u00bb width=\u00bb100%\u00bb max_width=\u00bb100%\u00bb max_width_tablet=\u00bb\u00bb max_width_phone=\u00bb\u00bb max_width_last_edited=\u00bbon|desktop\u00bb custom_padding=\u00bb0px||0px||true|false\u00bb custom_padding_tablet=\u00bb5vw||5vw||true\u00bb background_last_edited=\u00bbon|phone\u00bb use_background_color_gradient_tablet=\u00bbon\u00bb use_background_color_gradient_phone=\u00bbon\u00bb background_color_gradient_stops_tablet=\u00bb#efefef 73%|#e9e7e8 73%\u00bb background_color_gradient_stops_phone=\u00bb#efefef 100%|#e9e7e8 100%\u00bb background_color_gradient_start_tablet=\u00bb#efefef\u00bb background_color_gradient_start_position_tablet=\u00bb73%\u00bb background_color_gradient_start_position_phone=\u00bb100%\u00bb background_position_tablet=\u00bbtop_left\u00bb locked=\u00bboff\u00bb global_colors_info=\u00bb{}\u00bb][et_pb_row _builder_version=\u00bb4.21.0&#8243; width=\u00bb100%\u00bb custom_padding=\u00bb3vw|0px|3vw|0px|false|false\u00bb use_custom_width=\u00bbon\u00bb width_unit=\u00bboff\u00bb custom_width_percent=\u00bb100%\u00bb locked=\u00bboff\u00bb global_colors_info=\u00bb{}\u00bb][et_pb_column type=\u00bb4_4&#8243; _builder_version=\u00bb4.16&#8243; custom_padding=\u00bb|||\u00bb global_colors_info=\u00bb{}\u00bb custom_padding__hover=\u00bb|||\u00bb][et_pb_text _builder_version=\u00bb4.20.2&#8243; text_font=\u00bb||||||||\u00bb header_font=\u00bb||||||||\u00bb header_2_font=\u00bbPrata|500|||||||\u00bb header_2_text_align=\u00bbcenter\u00bb header_2_font_size=\u00bb56px\u00bb header_2_line_height=\u00bb1.3em\u00bb header_3_font=\u00bb|700||on|||||\u00bb header_3_text_align=\u00bbcenter\u00bb header_3_text_color=\u00bbrgba(0,0,0,0.35)\u00bb header_3_font_size=\u00bb12px\u00bb header_3_letter_spacing=\u00bb5px\u00bb header_3_line_height=\u00bb2em\u00bb transform_translate_linked=\u00bboff\u00bb max_width=\u00bb700px\u00bb max_width_tablet=\u00bb70%\u00bb max_width_last_edited=\u00bboff|phone\u00bb module_alignment=\u00bbcenter\u00bb header_2_font_size_tablet=\u00bb40px\u00bb header_2_font_size_phone=\u00bb26px\u00bb header_2_font_size_last_edited=\u00bbon|tablet\u00bb header_3_font_size_phone=\u00bb10px\u00bb header_3_font_size_last_edited=\u00bboff|desktop\u00bb module_alignment_last_edited=\u00bboff|desktop\u00bb global_colors_info=\u00bb{}\u00bb]<\/p>\n<h2>Blog de nuevos cuelgues<\/h2>\n<p>[\/et_pb_text][\/et_pb_column][\/et_pb_row][et_pb_row _builder_version=\u00bb4.21.0&#8243; _module_preset=\u00bbdefault\u00bb global_colors_info=\u00bb{}\u00bb][et_pb_column type=\u00bb4_4&#8243; _builder_version=\u00bb4.21.0&#8243; _module_preset=\u00bbdefault\u00bb global_colors_info=\u00bb{}\u00bb][et_pb_text _builder_version=\u00bb4.21.0&#8243; _module_preset=\u00bbdefault\u00bb global_colors_info=\u00bb{}\u00bb]<\/p>\n<h3>EL CO\u00d1O DE LA BERNARDA<\/h3>\n<p style=\"text-align: justify;\"><a href=\"https:\/\/jesuscampos.com\/blog\/letras-sueltas\/varios\/el-cono-de-la-bernarda\"><img loading=\"lazy\" decoding=\"async\" src=\"https:\/\/jesuscampos.com\/blog\/wp-content\/uploads\/2023\/09\/El-cono-de-la-bernarda-presentacion.png\" width=\"170\" height=\"160\" alt=\"\" class=\"wp-image-1257 alignnone size-full\" style=\"float: left;\" \/><\/a>Cuando decid\u00ed actualizar \u201cNuevos Cuelgues\u201d (espacio de mi web, en el que se da noticia de las nuevas publicaciones) para convertirlo en un blog m\u00e1s activo y poli\u00e9drico, pens\u00e9 que tal vez deb\u00eda cambiarle nombre y, de inmediato, me vino a la mente \u201cEl co\u00f1o de la Bernarda\u201d. No hay nada que me excite tanto como que se me ocurran inconveniencias. (Excitaci\u00f3n intelectual, esto debe quedar claro, y m\u00e1s en este caso). Mis mejores trabajos, partieron siempre de una ocurrencia inconveniente (<a href=\"https:\/\/jesuscampos.com\/blog\/letras-sueltas\/varios\/el-cono-de-la-bernarda\">Leer m\u00e1s<\/a>).<\/p>\n<p style=\"text-align: justify;\">[\/et_pb_text][\/et_pb_column][\/et_pb_row][et_pb_row _builder_version=\u00bb4.21.0&#8243; _module_preset=\u00bbdefault\u00bb global_colors_info=\u00bb{}\u00bb][et_pb_column type=\u00bb4_4&#8243; _builder_version=\u00bb4.21.0&#8243; _module_preset=\u00bbdefault\u00bb global_colors_info=\u00bb{}\u00bb][\/et_pb_column][\/et_pb_row][et_pb_row column_structure=\u00bb2_3,1_3&#8243; _builder_version=\u00bb4.20.2&#8243; custom_margin=\u00bb0px||||false|false\u00bb custom_padding=\u00bb0px||||false|false\u00bb global_colors_info=\u00bb{}\u00bb][et_pb_column type=\u00bb2_3&#8243; _builder_version=\u00bb4.16&#8243; custom_padding=\u00bb|||\u00bb global_colors_info=\u00bb{}\u00bb custom_padding__hover=\u00bb|||\u00bb][et_pb_blog include_categories=\u00bball\u00bb _builder_version=\u00bb4.21.0&#8243; _module_preset=\u00bbdefault\u00bb global_colors_info=\u00bb{}\u00bb][\/et_pb_blog][\/et_pb_column][et_pb_column type=\u00bb1_3&#8243; _builder_version=\u00bb4.20.2&#8243; custom_padding=\u00bb|10px||10px|false|false\u00bb custom_padding_tablet=\u00bb|0px||0px|false|false\u00bb custom_padding_phone=\u00bb|0px||0px|false|false\u00bb custom_padding_last_edited=\u00bbon|desktop\u00bb global_colors_info=\u00bb{}\u00bb custom_padding__hover=\u00bb|||\u00bb][et_pb_search placeholder=\u00bbEscribe aqu\u00ed\u00bb _builder_version=\u00bb4.20.2&#8243; _module_preset=\u00bbdefault\u00bb global_colors_info=\u00bb{}\u00bb][\/et_pb_search][et_pb_divider color=\u00bb#000000&#8243; _builder_version=\u00bb4.20.2&#8243; _module_preset=\u00bbdefault\u00bb custom_margin=\u00bb50px||30px||false|false\u00bb global_colors_info=\u00bb{}\u00bb][\/et_pb_divider][et_pb_text _builder_version=\u00bb4.21.0&#8243; _module_preset=\u00bbdefault\u00bb custom_margin=\u00bb||0px||false|false\u00bb custom_padding=\u00bb||0px||false|false\u00bb global_colors_info=\u00bb{}\u00bb]<\/p>\n<h3 class=\"cat-main\"><a href=\"https:\/\/jesuscampos.com\/blog\/categoria\/movidas-de-actualidad\/\">Movidas de actualidad<\/a><\/h3>\n<ul class=\"category-list\">\n<li><a href=\"https:\/\/jesuscampos.com\/blog\/categoria\/si-ticias-de-actualidad\/del-yo\/\">Del yo<\/a><\/li>\n<li><a href=\"https:\/\/jesuscampos.com\/blog\/categoria\/si-ticias-de-actualidad\/del-entorno\/\">Del Entorno<\/a><\/li>\n<\/ul>\n<h3 class=\"cat-main\"><a href=\"https:\/\/jesuscampos.com\/blog\/categoria\/letras-sueltas\/\">Letras sueltas<\/a><\/h3>\n<ul class=\"category-list\">\n<li><a href=\"https:\/\/jesuscampos.com\/blog\/categoria\/categoria\/letras-sueltas\/poesia\/\">Poes\u00eda<\/a><\/li>\n<li><a href=\"https:\/\/jesuscampos.com\/blog\/categoria\/letras-sueltas\/teatro\/\">Teatro<\/a><\/li>\n<li><a href=\"https:\/\/jesuscampos.com\/blog\/categoria\/letras-sueltas\/narrativa\/\">Narrativa<\/a><\/li>\n<li><a href=\"https:\/\/jesuscampos.com\/blog\/categoria\/letras-sueltas\/varios\/\">Varios<\/a><\/li>\n<\/ul>\n<h3 class=\"cat-main\"><a href=\"https:\/\/jesuscampos.com\/blog\/categoria\/pierde-tiempos-pintureros\/\">Pierde tiempos pintureros<\/a><\/h3>\n<h3 class=\"cat-main\"><a href=\"https:\/\/jesuscampos.com\/blog\/categoria\/antes-de-que-me-olvide\/\">Antes de que me olvide<\/a><\/h3>\n<h3 class=\"cat-main\"><a href=\"https:\/\/jesuscampos.com\/blog\/categoria\/erase-una-vez\/\">\u00c9rase una vez<\/a><\/h3>\n<h3 class=\"cat-main\"><a href=\"https:\/\/jesuscampos.com\/blog\/categoria\/promociones\/\">Promociones<\/a><\/h3>\n<p>[\/et_pb_text][et_pb_divider color=\u00bb#000000&#8243; _builder_version=\u00bb4.20.2&#8243; _module_preset=\u00bbdefault\u00bb custom_margin=\u00bb60px||30px||false|false\u00bb global_colors_info=\u00bb{}\u00bb][\/et_pb_divider][et_pb_image src=\u00bbhttps:\/\/jesuscampos.com\/blog\/wp-content\/uploads\/2023\/09\/300&#215;600-mundo-cruel-4-capas.gif\u00bb title_text=\u00bb300&#215;600 mundo cruel 4 capas\u00bb url=\u00bbhttps:\/\/www.amazon.es\/Mundo-cruel-Malformaci%C3%B3n-reactivaci%C3%B3n-alucin%C3%B3gena\/dp\/8409521296\/ref=tmm_pap_swatch_0?_encoding=UTF8&#038;qid=1695230353&#038;sr=1-1&#8243; url_new_window=\u00bbon\u00bb use_overlay=\u00bbon\u00bb src_last_edited=\u00bboff|desktop\u00bb _builder_version=\u00bb4.21.0&#8243; _module_preset=\u00bbdefault\u00bb global_colors_info=\u00bb{}\u00bb src__hover_enabled=\u00bbon|desktop\u00bb src__hover=\u00bbhttps:\/\/jesuscampos.com\/blog\/wp-content\/uploads\/2023\/09\/300X600-.gif\u00bb][\/et_pb_image][et_pb_divider _builder_version=\u00bb4.21.0&#8243; _module_preset=\u00bbdefault\u00bb custom_margin=\u00bb150px||150px||false|false\u00bb hover_enabled=\u00bb0&#8243; sticky_enabled=\u00bb0&#8243;][\/et_pb_divider][et_pb_testimonial _builder_version=\u00bb4.21.0&#8243; _module_preset=\u00bbdefault\u00bb global_colors_info=\u00bb{}\u00bb locked=\u00bboff\u00bb]<\/p>\n<p style=\"text-align: left;\"><em><span style=\"color: #666666;\">\u00ab<span>Por favor, no empujen. Se\u00f1ores, por favor, no se amontonen. Calma, por favor, que hay soledad para todos&#8230;<\/span>\u00ab.<\/span><\/em><span><\/span><\/p>\n<p style=\"text-align: left;\"><em><span style=\"color: #666666;\">Cita de <a href=\"https:\/\/www.amazon.es\/Mundo-cruel-Malformaci%C3%B3n-reactivaci%C3%B3n-alucin%C3%B3gena\/dp\/8409521296\/ref=tmm_pap_swatch_0?_encoding=UTF8&amp;qid=1695144057&amp;sr=1-1\" target=\"_blank\" rel=\"noopener\">Mundo cruel.<\/a>\u00a0<\/span><\/em><\/p>\n<p>[\/et_pb_testimonial][et_pb_divider _builder_version=\u00bb4.21.0&#8243; _module_preset=\u00bbdefault\u00bb custom_margin=\u00bb150px||150px||false|false\u00bb hover_enabled=\u00bb0&#8243; sticky_enabled=\u00bb0&#8243;][\/et_pb_divider][et_pb_image src=\u00bbhttps:\/\/jesuscampos.com\/blog\/wp-content\/uploads\/2023\/09\/Youtube-lento.gif\u00bb title_text=\u00bbYoutube-lento\u00bb url=\u00bbhttps:\/\/www.youtube.com\/user\/jesuscamposgarcia\u00bb url_new_window=\u00bbon\u00bb use_overlay=\u00bbon\u00bb src_last_edited=\u00bboff|desktop\u00bb _builder_version=\u00bb4.21.0&#8243; _module_preset=\u00bbdefault\u00bb hover_enabled=\u00bb0&#8243; global_colors_info=\u00bb{}\u00bb src__hover_enabled=\u00bbon|desktop\u00bb src__hover=\u00bbhttps:\/\/jesuscampos.com\/blog\/wp-content\/uploads\/2023\/09\/300X600-.gif\u00bb sticky_enabled=\u00bb0&#8243;][\/et_pb_image][et_pb_divider color=\u00bb#000000&#8243; _builder_version=\u00bb4.20.2&#8243; _module_preset=\u00bbdefault\u00bb custom_margin=\u00bb60px||60px||false|false\u00bb global_colors_info=\u00bb{}\u00bb][\/et_pb_divider][et_pb_accordion _builder_version=\u00bb4.21.0&#8243; _module_preset=\u00bbdefault\u00bb hover_enabled=\u00bb0&#8243; global_colors_info=\u00bb{}\u00bb sticky_enabled=\u00bb0&#8243;][et_pb_accordion_item title=\u00bbMundo cruel en Rep\u00fablica de las Letras\u00bb open=\u00bbon\u00bb _builder_version=\u00bb4.21.0&#8243; _module_preset=\u00bbdefault\u00bb hover_enabled=\u00bb0&#8243; global_colors_info=\u00bb{}\u00bb sticky_enabled=\u00bb0&#8243;]<\/p>\n<p><span>Rese\u00f1a de \u00abMundo Cruel\u00bb en la \u00abRep\u00fablica de las Letras\u201d que <a href=\"https:\/\/republicadelasletras.acescritores.com\/2023\/06\/09\/jesus-campos-y-mundo-cruel-distorsion-picaresca-esperpento\/\" target=\"_blank\" rel=\"noopener\">pod\u00e9is leer aqu\u00ed<\/a>.<\/span><\/p>\n<p><a href=\"https:\/\/republicadelasletras.acescritores.com\/2023\/06\/09\/jesus-campos-y-mundo-cruel-distorsion-picaresca-esperpento\/\" target=\"_blank\" rel=\"noopener\"><span><img loading=\"lazy\" decoding=\"async\" src=\"https:\/\/jesuscampos.com\/blog\/wp-content\/uploads\/2023\/08\/Resena-Santiago.jpg\" width=\"2048\" height=\"1297\" alt=\"\" class=\"wp-image-1144 alignnone size-full\" srcset=\"https:\/\/jesuscampos.com\/blog\/wp-content\/uploads\/2023\/08\/Resena-Santiago.jpg 2048w, https:\/\/jesuscampos.com\/blog\/wp-content\/uploads\/2023\/08\/Resena-Santiago-1280x811.jpg 1280w, https:\/\/jesuscampos.com\/blog\/wp-content\/uploads\/2023\/08\/Resena-Santiago-980x621.jpg 980w, https:\/\/jesuscampos.com\/blog\/wp-content\/uploads\/2023\/08\/Resena-Santiago-480x304.jpg 480w\" sizes=\"auto, (min-width: 0px) and (max-width: 480px) 480px, (min-width: 481px) and (max-width: 980px) 980px, (min-width: 981px) and (max-width: 1280px) 1280px, (min-width: 1281px) 2048px, 100vw\" \/><\/span><\/a><\/p>\n<p>[\/et_pb_accordion_item][\/et_pb_accordion][et_pb_divider color=\u00bb#000000&#8243; _builder_version=\u00bb4.21.0&#8243; _module_preset=\u00bbdefault\u00bb custom_margin=\u00bb150px||150px||false|false\u00bb hover_enabled=\u00bb0&#8243; global_colors_info=\u00bb{}\u00bb sticky_enabled=\u00bb0&#8243;][\/et_pb_divider][et_pb_testimonial _builder_version=\u00bb4.21.0&#8243; _module_preset=\u00bbdefault\u00bb hover_enabled=\u00bb0&#8243; global_colors_info=\u00bb{}\u00bb locked=\u00bboff\u00bb sticky_enabled=\u00bb0&#8243;]<\/p>\n<p style=\"text-align: left;\"><em><span style=\"color: #666666;\">\u00ab<span>Siglos tratando de encontrar la forma de comunicar y era tan f\u00e1cil como hablarle al mundo tras la barra de un bar<\/span><span>&#8230;<\/span>\u00ab.<\/span><\/em><span><\/span><\/p>\n<p style=\"text-align: left;\"><em><span style=\"color: #666666;\">Cita de <a href=\"https:\/\/www.amazon.es\/Mundo-cruel-Malformaci%C3%B3n-reactivaci%C3%B3n-alucin%C3%B3gena\/dp\/8409521296\/ref=tmm_pap_swatch_0?_encoding=UTF8&amp;qid=1695144057&amp;sr=1-1\" target=\"_blank\" rel=\"noopener\">Mundo cruel.<\/a>\u00a0<\/span><\/em><\/p>\n<p>[\/et_pb_testimonial][et_pb_divider _builder_version=\u00bb4.21.0&#8243; _module_preset=\u00bbdefault\u00bb custom_margin=\u00bb150px||150px||false|false\u00bb hover_enabled=\u00bb0&#8243; sticky_enabled=\u00bb0&#8243;][\/et_pb_divider][et_pb_image src=\u00bbhttps:\/\/jesuscampos.com\/blog\/wp-content\/uploads\/2023\/09\/300&#215;600-mundo-cruel-4-capas.gif\u00bb title_text=\u00bb300&#215;600 mundo cruel 4 capas\u00bb url=\u00bbhttps:\/\/www.amazon.es\/Mundo-cruel-Malformaci%C3%B3n-reactivaci%C3%B3n-alucin%C3%B3gena\/dp\/8409521296\/ref=tmm_pap_swatch_0?_encoding=UTF8&#038;qid=1695230353&#038;sr=1-1&#8243; url_new_window=\u00bbon\u00bb use_overlay=\u00bbon\u00bb src_last_edited=\u00bboff|desktop\u00bb _builder_version=\u00bb4.21.0&#8243; _module_preset=\u00bbdefault\u00bb global_colors_info=\u00bb{}\u00bb src__hover_enabled=\u00bbon|desktop\u00bb src__hover=\u00bbhttps:\/\/jesuscampos.com\/blog\/wp-content\/uploads\/2023\/09\/300X600-.gif\u00bb locked=\u00bboff\u00bb][\/et_pb_image][et_pb_divider _builder_version=\u00bb4.21.0&#8243; _module_preset=\u00bbdefault\u00bb custom_margin=\u00bb150px||150px||true|false\u00bb hover_enabled=\u00bb0&#8243; sticky_enabled=\u00bb0&#8243;][\/et_pb_divider][et_pb_accordion _builder_version=\u00bb4.21.0&#8243; _module_preset=\u00bbdefault\u00bb hover_enabled=\u00bb0&#8243; global_colors_info=\u00bb{}\u00bb sticky_enabled=\u00bb0&#8243; locked=\u00bboff\u00bb][et_pb_accordion_item title=\u00bbEntrevista en EntreLetras\u00bb open=\u00bbon\u00bb _builder_version=\u00bb4.21.0&#8243; _module_preset=\u00bbdefault\u00bb hover_enabled=\u00bb0&#8243; global_colors_info=\u00bb{}\u00bb sticky_enabled=\u00bb0&#8243;]<\/p>\n<p><span>Entrevista a Jes\u00fas Campos sobre <em>Mundo Cruel<\/em> en la revista EntreLetras, que<a href=\"https:\/\/www.entreletras.eu\/entrevistas\/el-dramaturgo-jesus-campos-irrumpe-en-la-novela-con-mundo-cruel-la-creacion-para-mi-es-un-proceso-de-reciclaje-de-la-realidad\/\" target=\"_blank\" rel=\"noopener\"> pod\u00e9is leer aqu\u00ed.<\/a><\/span><\/p>\n<p><img loading=\"lazy\" decoding=\"async\" src=\"https:\/\/jesuscampos.com\/blog\/wp-content\/uploads\/2023\/08\/Entreletras-F.jpg\" width=\"1920\" height=\"1080\" alt=\"\" class=\"wp-image-1227 alignnone size-full\" srcset=\"https:\/\/jesuscampos.com\/blog\/wp-content\/uploads\/2023\/08\/Entreletras-F.jpg 1920w, https:\/\/jesuscampos.com\/blog\/wp-content\/uploads\/2023\/08\/Entreletras-F-1280x720.jpg 1280w, https:\/\/jesuscampos.com\/blog\/wp-content\/uploads\/2023\/08\/Entreletras-F-980x551.jpg 980w, https:\/\/jesuscampos.com\/blog\/wp-content\/uploads\/2023\/08\/Entreletras-F-480x270.jpg 480w\" sizes=\"auto, (min-width: 0px) and (max-width: 480px) 480px, (min-width: 481px) and (max-width: 980px) 980px, (min-width: 981px) and (max-width: 1280px) 1280px, (min-width: 1281px) 1920px, 100vw\" \/><\/p>\n<p>[\/et_pb_accordion_item][\/et_pb_accordion][\/et_pb_column][\/et_pb_row][\/et_pb_section]<\/p>\n","protected":false},"excerpt":{"rendered":"<p>Blog de nuevos cuelguesEL CO\u00d1O DE LA BERNARDA Cuando decid\u00ed actualizar \u201cNuevos Cuelgues\u201d (espacio de mi web, en el que se da noticia de las nuevas publicaciones) para convertirlo en un blog m\u00e1s activo y poli\u00e9drico, pens\u00e9 que tal vez deb\u00eda cambiarle nombre y, de inmediato, me vino a la mente \u201cEl co\u00f1o de la [&hellip;]<\/p>\n","protected":false},"author":1,"featured_media":0,"parent":0,"menu_order":0,"comment_status":"closed","ping_status":"closed","template":"","meta":{"_et_pb_use_builder":"on","_et_pb_old_content":"","_et_gb_content_width":"","footnotes":""},"class_list":["post-19","page","type-page","status-publish","hentry"],"yoast_head":"<!-- This site is optimized with the Yoast SEO plugin v27.3 - https:\/\/yoast.com\/product\/yoast-seo-wordpress\/ -->\n<title>BLOG DE NUEVOS CUELGUES - BLOG DE NUEVOS CUELGUES<\/title>\n<meta name=\"description\" content=\"Jes\u00fas Campos Garc\u00eda. Novelista, autor teatral, director de escena y escen\u00f3grafo. Novedades sobre su novela Mundo cruel\" \/>\n<meta name=\"robots\" content=\"index, follow, max-snippet:-1, max-image-preview:large, max-video-preview:-1\" \/>\n<link rel=\"canonical\" href=\"https:\/\/jesuscampos.com\/blog\/\" \/>\n<meta property=\"og:locale\" content=\"es_ES\" \/>\n<meta property=\"og:type\" content=\"article\" \/>\n<meta property=\"og:title\" content=\"BLOG DE NUEVOS CUELGUES - BLOG DE NUEVOS CUELGUES\" \/>\n<meta property=\"og:description\" content=\"Jes\u00fas Campos Garc\u00eda. Novelista, autor teatral, director de escena y escen\u00f3grafo. Novedades sobre su novela Mundo cruel\" \/>\n<meta property=\"og:url\" content=\"https:\/\/jesuscampos.com\/blog\/\" \/>\n<meta property=\"og:site_name\" content=\"BLOG DE NUEVOS CUELGUES\" \/>\n<meta property=\"article:modified_time\" content=\"2023-09-20T20:47:40+00:00\" \/>\n<meta property=\"og:image\" content=\"https:\/\/jesuscampos.com\/blog\/wp-content\/uploads\/2023\/09\/El-cono-de-la-bernarda-presentacion.png\" \/>\n<meta name=\"twitter:card\" content=\"summary_large_image\" \/>\n<script type=\"application\/ld+json\" class=\"yoast-schema-graph\">{\"@context\":\"https:\\\/\\\/schema.org\",\"@graph\":[{\"@type\":\"WebPage\",\"@id\":\"https:\\\/\\\/jesuscampos.com\\\/blog\\\/\",\"url\":\"https:\\\/\\\/jesuscampos.com\\\/blog\\\/\",\"name\":\"BLOG DE NUEVOS CUELGUES - BLOG DE NUEVOS CUELGUES\",\"isPartOf\":{\"@id\":\"https:\\\/\\\/jesuscampos.com\\\/blog\\\/#website\"},\"primaryImageOfPage\":{\"@id\":\"https:\\\/\\\/jesuscampos.com\\\/blog\\\/#primaryimage\"},\"image\":{\"@id\":\"https:\\\/\\\/jesuscampos.com\\\/blog\\\/#primaryimage\"},\"thumbnailUrl\":\"https:\\\/\\\/jesuscampos.com\\\/blog\\\/wp-content\\\/uploads\\\/2023\\\/09\\\/El-cono-de-la-bernarda-presentacion.png\",\"datePublished\":\"2023-04-15T10:52:50+00:00\",\"dateModified\":\"2023-09-20T20:47:40+00:00\",\"description\":\"Jes\u00fas Campos Garc\u00eda. Novelista, autor teatral, director de escena y escen\u00f3grafo. Novedades sobre su novela Mundo cruel\",\"breadcrumb\":{\"@id\":\"https:\\\/\\\/jesuscampos.com\\\/blog\\\/#breadcrumb\"},\"inLanguage\":\"es\",\"potentialAction\":[{\"@type\":\"ReadAction\",\"target\":[\"https:\\\/\\\/jesuscampos.com\\\/blog\\\/\"]}]},{\"@type\":\"ImageObject\",\"inLanguage\":\"es\",\"@id\":\"https:\\\/\\\/jesuscampos.com\\\/blog\\\/#primaryimage\",\"url\":\"https:\\\/\\\/jesuscampos.com\\\/blog\\\/wp-content\\\/uploads\\\/2023\\\/09\\\/El-cono-de-la-bernarda-presentacion.png\",\"contentUrl\":\"https:\\\/\\\/jesuscampos.com\\\/blog\\\/wp-content\\\/uploads\\\/2023\\\/09\\\/El-cono-de-la-bernarda-presentacion.png\",\"width\":170,\"height\":160},{\"@type\":\"BreadcrumbList\",\"@id\":\"https:\\\/\\\/jesuscampos.com\\\/blog\\\/#breadcrumb\",\"itemListElement\":[{\"@type\":\"ListItem\",\"position\":1,\"name\":\"Portada\",\"item\":\"https:\\\/\\\/jesuscampos.com\\\/blog\\\/\"},{\"@type\":\"ListItem\",\"position\":2,\"name\":\"BLOG DE NUEVOS CUELGUES\"}]},{\"@type\":\"WebSite\",\"@id\":\"https:\\\/\\\/jesuscampos.com\\\/blog\\\/#website\",\"url\":\"https:\\\/\\\/jesuscampos.com\\\/blog\\\/\",\"name\":\"BLOG DE NUEVOS CUELGUES\",\"description\":\"Blog de Jes\u00fas Campos Garc\u00eda. Novelista, autor teatral, director y escen\u00f3grafo\",\"potentialAction\":[{\"@type\":\"SearchAction\",\"target\":{\"@type\":\"EntryPoint\",\"urlTemplate\":\"https:\\\/\\\/jesuscampos.com\\\/blog\\\/?s={search_term_string}\"},\"query-input\":{\"@type\":\"PropertyValueSpecification\",\"valueRequired\":true,\"valueName\":\"search_term_string\"}}],\"inLanguage\":\"es\"}]}<\/script>\n<!-- \/ Yoast SEO plugin. -->","yoast_head_json":{"title":"BLOG DE NUEVOS CUELGUES - BLOG DE NUEVOS CUELGUES","description":"Jes\u00fas Campos Garc\u00eda. Novelista, autor teatral, director de escena y escen\u00f3grafo. Novedades sobre su novela Mundo cruel","robots":{"index":"index","follow":"follow","max-snippet":"max-snippet:-1","max-image-preview":"max-image-preview:large","max-video-preview":"max-video-preview:-1"},"canonical":"https:\/\/jesuscampos.com\/blog\/","og_locale":"es_ES","og_type":"article","og_title":"BLOG DE NUEVOS CUELGUES - BLOG DE NUEVOS CUELGUES","og_description":"Jes\u00fas Campos Garc\u00eda. Novelista, autor teatral, director de escena y escen\u00f3grafo. Novedades sobre su novela Mundo cruel","og_url":"https:\/\/jesuscampos.com\/blog\/","og_site_name":"BLOG DE NUEVOS CUELGUES","article_modified_time":"2023-09-20T20:47:40+00:00","og_image":[{"url":"https:\/\/jesuscampos.com\/blog\/wp-content\/uploads\/2023\/09\/El-cono-de-la-bernarda-presentacion.png","type":"","width":"","height":""}],"twitter_card":"summary_large_image","schema":{"@context":"https:\/\/schema.org","@graph":[{"@type":"WebPage","@id":"https:\/\/jesuscampos.com\/blog\/","url":"https:\/\/jesuscampos.com\/blog\/","name":"BLOG DE NUEVOS CUELGUES - BLOG DE NUEVOS CUELGUES","isPartOf":{"@id":"https:\/\/jesuscampos.com\/blog\/#website"},"primaryImageOfPage":{"@id":"https:\/\/jesuscampos.com\/blog\/#primaryimage"},"image":{"@id":"https:\/\/jesuscampos.com\/blog\/#primaryimage"},"thumbnailUrl":"https:\/\/jesuscampos.com\/blog\/wp-content\/uploads\/2023\/09\/El-cono-de-la-bernarda-presentacion.png","datePublished":"2023-04-15T10:52:50+00:00","dateModified":"2023-09-20T20:47:40+00:00","description":"Jes\u00fas Campos Garc\u00eda. Novelista, autor teatral, director de escena y escen\u00f3grafo. Novedades sobre su novela Mundo cruel","breadcrumb":{"@id":"https:\/\/jesuscampos.com\/blog\/#breadcrumb"},"inLanguage":"es","potentialAction":[{"@type":"ReadAction","target":["https:\/\/jesuscampos.com\/blog\/"]}]},{"@type":"ImageObject","inLanguage":"es","@id":"https:\/\/jesuscampos.com\/blog\/#primaryimage","url":"https:\/\/jesuscampos.com\/blog\/wp-content\/uploads\/2023\/09\/El-cono-de-la-bernarda-presentacion.png","contentUrl":"https:\/\/jesuscampos.com\/blog\/wp-content\/uploads\/2023\/09\/El-cono-de-la-bernarda-presentacion.png","width":170,"height":160},{"@type":"BreadcrumbList","@id":"https:\/\/jesuscampos.com\/blog\/#breadcrumb","itemListElement":[{"@type":"ListItem","position":1,"name":"Portada","item":"https:\/\/jesuscampos.com\/blog\/"},{"@type":"ListItem","position":2,"name":"BLOG DE NUEVOS CUELGUES"}]},{"@type":"WebSite","@id":"https:\/\/jesuscampos.com\/blog\/#website","url":"https:\/\/jesuscampos.com\/blog\/","name":"BLOG DE NUEVOS CUELGUES","description":"Blog de Jes\u00fas Campos Garc\u00eda. Novelista, autor teatral, director y escen\u00f3grafo","potentialAction":[{"@type":"SearchAction","target":{"@type":"EntryPoint","urlTemplate":"https:\/\/jesuscampos.com\/blog\/?s={search_term_string}"},"query-input":{"@type":"PropertyValueSpecification","valueRequired":true,"valueName":"search_term_string"}}],"inLanguage":"es"}]}},"jetpack_sharing_enabled":true,"_links":{"self":[{"href":"https:\/\/jesuscampos.com\/blog\/wp-json\/wp\/v2\/pages\/19","targetHints":{"allow":["GET"]}}],"collection":[{"href":"https:\/\/jesuscampos.com\/blog\/wp-json\/wp\/v2\/pages"}],"about":[{"href":"https:\/\/jesuscampos.com\/blog\/wp-json\/wp\/v2\/types\/page"}],"author":[{"embeddable":true,"href":"https:\/\/jesuscampos.com\/blog\/wp-json\/wp\/v2\/users\/1"}],"replies":[{"embeddable":true,"href":"https:\/\/jesuscampos.com\/blog\/wp-json\/wp\/v2\/comments?post=19"}],"version-history":[{"count":72,"href":"https:\/\/jesuscampos.com\/blog\/wp-json\/wp\/v2\/pages\/19\/revisions"}],"predecessor-version":[{"id":1593,"href":"https:\/\/jesuscampos.com\/blog\/wp-json\/wp\/v2\/pages\/19\/revisions\/1593"}],"wp:attachment":[{"href":"https:\/\/jesuscampos.com\/blog\/wp-json\/wp\/v2\/media?parent=19"}],"curies":[{"name":"wp","href":"https:\/\/api.w.org\/{rel}","templated":true}]}}